{"id":3884,"date":"2024-08-31T18:56:29","date_gmt":"2024-08-31T10:56:29","guid":{"rendered":"https:\/\/motorola-walkietalkie.com\/?post_type=product&#038;p=3884"},"modified":"2024-08-31T19:08:24","modified_gmt":"2024-08-31T11:08:24","slug":"sl300-sl1600-sl1m-sl500-motorola-original-walkie-talkie256-channel-distance-long-range-dmr-ham-radio-for-motorola-two-way-radio","status":"publish","type":"product","link":"https:\/\/motorola-walkietalkie.com\/tr\/urun\/sl300-sl1600-sl1m-sl500-motorola-original-walkie-talkie256-channel-distance-long-range-dmr-ham-radio-for-motorola-two-way-radio\/","title":{"rendered":"SL300 SL1600 SL1M SL500 motorola orijinal telsiz, 256 kanal mesafe uzun menzilli dmr ham radyo motorola iki y\u00f6nl\u00fc radyo i\u00e7in"},"content":{"rendered":"<div style=\"width: 720px;\" class=\"wp-video\"><!--[if lt IE 9]><script>document.createElement('video');<\/script><![endif]-->\n<video class=\"wp-video-shortcode\" id=\"video-3884-1\" width=\"720\" height=\"1280\" preload=\"metadata\" controls=\"controls\"><source type=\"video\/mp4\" src=\"https:\/\/motorola-walkietalkie.com\/wp-content\/uploads\/2024\/08\/WeChat_20240831190723.mp4?_=1\" \/><a href=\"https:\/\/motorola-walkietalkie.com\/wp-content\/uploads\/2024\/08\/WeChat_20240831190723.mp4\">https:\/\/motorola-walkietalkie.com\/wp-content\/uploads\/2024\/08\/WeChat_20240831190723.mp4<\/a><\/video><\/div>","protected":false},"excerpt":{"rendered":"","protected":false},"featured_media":3885,"comment_status":"open","ping_status":"closed","template":"","meta":{"site-sidebar-layout":"default","site-content-layout":"","ast-site-content-layout":"default","site-content-style":"default","site-sidebar-style":"default","ast-global-header-display":"","ast-banner-title-visibility":"","ast-main-header-display":"","ast-hfb-above-header-display":"","ast-hfb-below-header-display":"","ast-hfb-mobile-header-display":"","site-post-title":"","ast-breadcrumbs-content":"","ast-featured-img":"","footer-sml-layout":"","theme-transparent-header-meta":"default","adv-header-id-meta":"","stick-header-meta":"","header-above-stick-meta":"","header-main-stick-meta":"","header-below-stick-meta":"","astra-migrate-meta-layouts":"set","ast-page-background-enabled":"default","ast-page-background-meta":{"desktop":{"background-color":"var(--ast-global-color-4)","background-image":"","background-repeat":"repeat","background-position":"center center","background-size":"auto","background-attachment":"scroll","background-type":"","background-media":"","overlay-type":"","overlay-color":"","overlay-opacity":"","overlay-gradient":""},"tablet":{"background-color":"","background-image":"","background-repeat":"repeat","background-position":"center center","background-size":"auto","background-attachment":"scroll","background-type":"","background-media":"","overlay-type":"","overlay-color":"","overlay-opacity":"","overlay-gradient":""},"mobile":{"background-color":"","background-image":"","background-repeat":"repeat","background-position":"center center","background-size":"auto","background-attachment":"scroll","background-type":"","background-media":"","overlay-type":"","overlay-color":"","overlay-opacity":"","overlay-gradient":""}},"ast-content-background-meta":{"desktop":{"background-color":"var(--ast-global-color-5)","background-image":"","background-repeat":"repeat","background-position":"center center","background-size":"auto","background-attachment":"scroll","background-type":"","background-media":"","overlay-type":"","overlay-color":"","overlay-opacity":"","overlay-gradient":""},"tablet":{"background-color":"var(--ast-global-color-5)","background-image":"","background-repeat":"repeat","background-position":"center center","background-size":"auto","background-attachment":"scroll","background-type":"","background-media":"","overlay-type":"","overlay-color":"","overlay-opacity":"","overlay-gradient":""},"mobile":{"background-color":"var(--ast-global-color-5)","background-image":"","background-repeat":"repeat","background-position":"center center","background-size":"auto","background-attachment":"scroll","background-type":"","background-media":"","overlay-type":"","overlay-color":"","overlay-opacity":"","overlay-gradient":""}}},"product_brand":[],"product_cat":[120],"product_tag":[],"class_list":{"0":"post-3884","1":"product","2":"type-product","3":"status-publish","4":"has-post-thumbnail","6":"product_cat-walkie-talkie","7":"desktop-align-left","8":"tablet-align-left","9":"mobile-align-left","11":"first","12":"instock","13":"shipping-taxable","14":"product-type-simple"},"_links":{"self":[{"href":"https:\/\/motorola-walkietalkie.com\/tr\/wp-json\/wp\/v2\/product\/3884"}],"collection":[{"href":"https:\/\/motorola-walkietalkie.com\/tr\/wp-json\/wp\/v2\/product"}],"about":[{"href":"https:\/\/motorola-walkietalkie.com\/tr\/wp-json\/wp\/v2\/types\/product"}],"replies":[{"embeddable":true,"href":"https:\/\/motorola-walkietalkie.com\/tr\/wp-json\/wp\/v2\/comments?post=3884"}],"version-history":[{"count":2,"href":"https:\/\/motorola-walkietalkie.com\/tr\/wp-json\/wp\/v2\/product\/3884\/revisions"}],"predecessor-version":[{"id":3897,"href":"https:\/\/motorola-walkietalkie.com\/tr\/wp-json\/wp\/v2\/product\/3884\/revisions\/3897"}],"wp:featuredmedia":[{"embeddable":true,"href":"https:\/\/motorola-walkietalkie.com\/tr\/wp-json\/wp\/v2\/media\/3885"}],"wp:attachment":[{"href":"https:\/\/motorola-walkietalkie.com\/tr\/wp-json\/wp\/v2\/media?parent=3884"}],"wp:term":[{"taxonomy":"product_brand","embeddable":true,"href":"https:\/\/motorola-walkietalkie.com\/tr\/wp-json\/wp\/v2\/product_brand?post=3884"},{"taxonomy":"product_cat","embeddable":true,"href":"https:\/\/motorola-walkietalkie.com\/tr\/wp-json\/wp\/v2\/product_cat?post=3884"},{"taxonomy":"product_tag","embeddable":true,"href":"https:\/\/motorola-walkietalkie.com\/tr\/wp-json\/wp\/v2\/product_tag?post=3884"}],"curies":[{"name":"wp","href":"https:\/\/api.w.org\/{rel}","templated":true}]}}