{"id":3571,"date":"2024-08-25T10:42:57","date_gmt":"2024-08-25T02:42:57","guid":{"rendered":"https:\/\/motorola-walkietalkie.com\/?post_type=product&#038;p=3571"},"modified":"2024-11-01T00:10:23","modified_gmt":"2024-10-31T16:10:23","slug":"portable-digital-dmr-radio-handheld-two-way-vhf-waterproof-dp1400-cp200d-dep450-xir-p3688-for-walkie-talkie","status":"publish","type":"product","link":"https:\/\/motorola-walkietalkie.com\/fr\/produit\/portable-digital-dmr-radio-handheld-two-way-vhf-waterproof-dp1400-cp200d-dep450-xir-p3688-for-walkie-talkie\/","title":{"rendered":"DP1400 CP200D DEP450 XiR P3688"},"content":{"rendered":"<p><img fetchpriority=\"high\" decoding=\"async\" class=\"alignnone size-full wp-image-7543\" src=\"https:\/\/motorola-walkietalkie.com\/wp-content\/uploads\/2024\/08\/dp1400-datasheet-eng_00.png\" alt=\"\" width=\"1632\" height=\"8448\" srcset=\"https:\/\/motorola-walkietalkie.com\/wp-content\/uploads\/2024\/08\/dp1400-datasheet-eng_00.png 1632w, https:\/\/motorola-walkietalkie.com\/wp-content\/uploads\/2024\/08\/dp1400-datasheet-eng_00-58x300.png 58w, https:\/\/motorola-walkietalkie.com\/wp-content\/uploads\/2024\/08\/dp1400-datasheet-eng_00-198x1024.png 198w, https:\/\/motorola-walkietalkie.com\/wp-content\/uploads\/2024\/08\/dp1400-datasheet-eng_00-768x3976.png 768w, https:\/\/motorola-walkietalkie.com\/wp-content\/uploads\/2024\/08\/dp1400-datasheet-eng_00-297x1536.png 297w, https:\/\/motorola-walkietalkie.com\/wp-content\/uploads\/2024\/08\/dp1400-datasheet-eng_00-600x3106.png 600w\" sizes=\"(max-width: 1632px) 100vw, 1632px\" \/><\/p>","protected":false},"excerpt":{"rendered":"<div class=\"param clearfix\">\n<div class=\"name\">Protocole<\/div>\n<div class=\"value\">Analogique\/Num\u00e9rique ou Analogique uniquement<\/div>\n<\/div>\n<div class=\"param clearfix\">\n<div class=\"name\">Bouton programmable<\/div>\n<div class=\"value\">Oui<\/div>\n<\/div>\n<div class=\"param clearfix\">\n<div class=\"name\">Audio intelligente<\/div>\n<div class=\"value\">Non<\/div>\n<\/div>\n<div class=\"param clearfix\">\n<div class=\"name\">Fr\u00e9quence<\/div>\n<div class=\"value\">VHF\/UHF<\/div>\n<\/div>\n<div class=\"param clearfix\">\n<div class=\"name\">Bouton d'urgence d\u00e9di\u00e9<\/div>\n<div class=\"value\">Non<\/div>\n<\/div>\n<div class=\"param clearfix\">\n<div class=\"name\">GPS<\/div>\n<div class=\"value\">Non<\/div>\n<\/div>\n<div class=\"param clearfix\">\n<div class=\"name\">Bluetooth int\u00e9gr\u00e9<\/div>\n<div class=\"value\">Non<\/div>\n<\/div>\n<div class=\"param clearfix\">\n<div class=\"name\">Travailleur isol\u00e9<\/div>\n<div class=\"value\">Non<\/div>\n<\/div>\n<div class=\"param clearfix\">\n<div class=\"name\">Signalisation PL\/PDL<\/div>\n<div class=\"value\">Oui<\/div>\n<\/div>\n<div class=\"param clearfix\">\n<div class=\"name\">Signalisation du MDC<\/div>\n<div class=\"value\">Oui<\/div>\n<\/div>\n<div class=\"param clearfix\">\n<div class=\"name\">Signalisation \u00e0 5 tons<\/div>\n<div class=\"value\">Non<\/div>\n<\/div>\n<div class=\"param clearfix\">\n<div class=\"name\">Clavier \u00e0 touches directes DTMF<\/div>\n<div class=\"value\">Non<\/div>\n<\/div>\n<div class=\"param clearfix\">\n<div class=\"name\">MTP1327 Signalisation<\/div>\n<div class=\"value\">Non<\/div>\n<\/div>\n<div class=\"param clearfix\">\n<div class=\"name\">Compatible avec IMPRES Audio<\/div>\n<div class=\"value\">Non<\/div>\n<\/div>\n<div class=\"param clearfix\">\n<div class=\"name\">Contr\u00f4le automatique du gain<\/div>\n<div class=\"value\">Oui<\/div>\n<\/div>\n<div class=\"param clearfix\">\n<div class=\"name\">Compatible avec l'\u00e9nergie IMPRES<\/div>\n<div class=\"value\">Non<\/div>\n<\/div>\n<div class=\"param clearfix\">\n<div class=\"name\">Gestion de la batterie IMPRES OTA<\/div>\n<div class=\"value\">Non<\/div>\n<\/div>\n<div class=\"param clearfix\">\n<div class=\"name\">Certifi\u00e9 ATEX<\/div>\n<div class=\"value\">Non<\/div>\n<\/div>\n<div class=\"param clearfix\">\n<div class=\"name\">FM S\u00e9curit\u00e9 intrins\u00e8que<\/div>\n<div class=\"value\">Non<\/div>\n<\/div>\n<div class=\"param clearfix\">\n<div class=\"name\">Indice de protection IP<\/div>\n<div class=\"value\">IP54<\/div>\n<\/div>\n<div class=\"param clearfix\">\n<div class=\"name\">Alarme d'urgence<\/div>\n<div class=\"value\">Oui<\/div>\n<\/div>\n<div class=\"param clearfix\">\n<div class=\"name\">Moniteur \u00e0 distance<\/div>\n<div class=\"value\">D\u00e9codage uniquement<\/div>\n<\/div>\n<div class=\"param clearfix\">\n<div class=\"name\">VOX (pris en charge par la radio)<\/div>\n<div class=\"value\">Oui<\/div>\n<\/div>\n<div class=\"param clearfix\">\n<div class=\"name\">Alerte par vibration<\/div>\n<div class=\"value\">Non<\/div>\n<\/div>\n<div class=\"param clearfix\">\n<div class=\"name\">Vie priv\u00e9e<\/div>\n<div class=\"value\">16 bits<\/div>\n<\/div>\n<div class=\"param clearfix\">\n<div class=\"name\">Programmation par voie hertzienne (OTAP)<\/div>\n<div class=\"value\">Non<\/div>\n<\/div>\n<div class=\"param clearfix\">\n<div class=\"name\">Acc\u00e8s restreint au syst\u00e8me<\/div>\n<div class=\"value\">Oui<\/div>\n<\/div>\n<div class=\"param clearfix\">\n<div class=\"name\">Activation\/d\u00e9sactivation de la radio<\/div>\n<div class=\"value\">D\u00e9codage uniquement<\/div>\n<\/div>\n<div class=\"param clearfix\">\n<div class=\"name\">Mode direct \u00e0 double capacit\u00e9<\/div>\n<div class=\"value\">Oui<\/div>\n<\/div>\n<div class=\"param clearfix\">\n<div class=\"name\">Poste de contr\u00f4le<\/div>\n<div class=\"value\">N\/A<\/div>\n<\/div>\n<div class=\"param clearfix\">\n<div class=\"name\">Site unique Conventionnel<\/div>\n<div class=\"value\">Oui<\/div>\n<\/div>\n<div class=\"param clearfix\">\n<div class=\"name\">IP Site Connect<\/div>\n<div class=\"value\">Option<\/div>\n<\/div>\n<div class=\"param clearfix\">\n<div class=\"name\">Capacit\u00e9 Plus<\/div>\n<div class=\"value\">Non<\/div>\n<\/div>\n<div class=\"param clearfix\">\n<div class=\"name\">Linked Capacity Plus<\/div>\n<div class=\"value\">Non<\/div>\n<\/div>\n<div class=\"param clearfix\">\n<div class=\"name\">Connect Plus<\/div>\n<div class=\"value\">Non<\/div>\n<\/div>","protected":false},"featured_media":3572,"comment_status":"open","ping_status":"closed","template":"","meta":{"site-sidebar-layout":"default","site-content-layout":"","ast-site-content-layout":"default","site-content-style":"default","site-sidebar-style":"default","ast-global-header-display":"","ast-banner-title-visibility":"","ast-main-header-display":"","ast-hfb-above-header-display":"","ast-hfb-below-header-display":"","ast-hfb-mobile-header-display":"","site-post-title":"","ast-breadcrumbs-content":"","ast-featured-img":"","footer-sml-layout":"","theme-transparent-header-meta":"default","adv-header-id-meta":"","stick-header-meta":"","header-above-stick-meta":"","header-main-stick-meta":"","header-below-stick-meta":"","astra-migrate-meta-layouts":"set","ast-page-background-enabled":"default","ast-page-background-meta":{"desktop":{"background-color":"var(--ast-global-color-4)","background-image":"","background-repeat":"repeat","background-position":"center center","background-size":"auto","background-attachment":"scroll","background-type":"","background-media":"","overlay-type":"","overlay-color":"","overlay-opacity":"","overlay-gradient":""},"tablet":{"background-color":"","background-image":"","background-repeat":"repeat","background-position":"center center","background-size":"auto","background-attachment":"scroll","background-type":"","background-media":"","overlay-type":"","overlay-color":"","overlay-opacity":"","overlay-gradient":""},"mobile":{"background-color":"","background-image":"","background-repeat":"repeat","background-position":"center center","background-size":"auto","background-attachment":"scroll","background-type":"","background-media":"","overlay-type":"","overlay-color":"","overlay-opacity":"","overlay-gradient":""}},"ast-content-background-meta":{"desktop":{"background-color":"var(--ast-global-color-5)","background-image":"","background-repeat":"repeat","background-position":"center center","background-size":"auto","background-attachment":"scroll","background-type":"","background-media":"","overlay-type":"","overlay-color":"","overlay-opacity":"","overlay-gradient":""},"tablet":{"background-color":"var(--ast-global-color-5)","background-image":"","background-repeat":"repeat","background-position":"center center","background-size":"auto","background-attachment":"scroll","background-type":"","background-media":"","overlay-type":"","overlay-color":"","overlay-opacity":"","overlay-gradient":""},"mobile":{"background-color":"var(--ast-global-color-5)","background-image":"","background-repeat":"repeat","background-position":"center center","background-size":"auto","background-attachment":"scroll","background-type":"","background-media":"","overlay-type":"","overlay-color":"","overlay-opacity":"","overlay-gradient":""}}},"product_brand":[],"product_cat":[120],"product_tag":[113],"class_list":{"0":"post-3571","1":"product","2":"type-product","3":"status-publish","4":"has-post-thumbnail","6":"product_cat-walkie-talkie","7":"product_tag-motorola-walkie-talkie","8":"desktop-align-left","9":"tablet-align-left","10":"mobile-align-left","12":"first","13":"instock","14":"shipping-taxable","15":"product-type-simple"},"_links":{"self":[{"href":"https:\/\/motorola-walkietalkie.com\/fr\/wp-json\/wp\/v2\/product\/3571"}],"collection":[{"href":"https:\/\/motorola-walkietalkie.com\/fr\/wp-json\/wp\/v2\/product"}],"about":[{"href":"https:\/\/motorola-walkietalkie.com\/fr\/wp-json\/wp\/v2\/types\/product"}],"replies":[{"embeddable":true,"href":"https:\/\/motorola-walkietalkie.com\/fr\/wp-json\/wp\/v2\/comments?post=3571"}],"version-history":[{"count":14,"href":"https:\/\/motorola-walkietalkie.com\/fr\/wp-json\/wp\/v2\/product\/3571\/revisions"}],"predecessor-version":[{"id":7544,"href":"https:\/\/motorola-walkietalkie.com\/fr\/wp-json\/wp\/v2\/product\/3571\/revisions\/7544"}],"wp:featuredmedia":[{"embeddable":true,"href":"https:\/\/motorola-walkietalkie.com\/fr\/wp-json\/wp\/v2\/media\/3572"}],"wp:attachment":[{"href":"https:\/\/motorola-walkietalkie.com\/fr\/wp-json\/wp\/v2\/media?parent=3571"}],"wp:term":[{"taxonomy":"product_brand","embeddable":true,"href":"https:\/\/motorola-walkietalkie.com\/fr\/wp-json\/wp\/v2\/product_brand?post=3571"},{"taxonomy":"product_cat","embeddable":true,"href":"https:\/\/motorola-walkietalkie.com\/fr\/wp-json\/wp\/v2\/product_cat?post=3571"},{"taxonomy":"product_tag","embeddable":true,"href":"https:\/\/motorola-walkietalkie.com\/fr\/wp-json\/wp\/v2\/product_tag?post=3571"}],"curies":[{"name":"wp","href":"https:\/\/api.w.org\/{rel}","templated":true}]}}